{"id":7247,"date":"2021-11-04T21:35:11","date_gmt":"2021-11-05T02:35:11","guid":{"rendered":"https:\/\/omniab.com.mx\/?post_type=product&#038;p=7247"},"modified":"2021-11-04T21:35:13","modified_gmt":"2021-11-05T02:35:13","slug":"cloro-blanqueador-cloralex-10l-2","status":"publish","type":"product","link":"https:\/\/omniab.com.mx\/index.php\/product\/cloro-blanqueador-cloralex-10l-2\/","title":{"rendered":"Cloro Blanqueador Cloralex 10L"},"content":{"rendered":"<p>Limpia, blanquea y desinfecta<br \/>\nMata 99.9% de virus y bacter\u00edas<br \/>\nM\u00e1xima concentraci\u00f3n<\/p>\n<p>Cloralex es la marca de l\u00edder de blanqueador de ropa en M\u00e9xico con m\u00e1s de 65 a\u00f1os de experiencia, lo que la hace un producto de limpieza que no debe faltar en la alacena de tu hogar.<\/p>\n<p>Adem\u00e1s de dejar la ropa blanca, sirve para complementar tus h\u00e1bitos de limpieza, gracias a su poderosa f\u00f3rmula te brinda 99.9% de desinfecci\u00f3n. Ayuda a prevenir algunas enfermedades causadas por virus y bacterias<\/p>\n","protected":false},"excerpt":{"rendered":"<p>Limpia, blanquea y desinfecta<br \/>\nMata 99.9% de virus y bacter\u00edas<br \/>\nM\u00e1xima concentraci\u00f3n<\/p>\n<p>Cloralex es la marca de l\u00edder de blanqueador de ropa en M\u00e9xico con m\u00e1s de 65 a\u00f1os de experiencia, lo que la hace un producto de limpieza que no debe faltar en la alacena de tu hogar.<\/p>\n<p>Adem\u00e1s de dejar la ropa blanca, sirve para complementar tus h\u00e1bitos de limpieza, gracias a su poderosa f\u00f3rmula te brinda 99.9% de desinfecci\u00f3n. Ayuda a prevenir algunas enfermedades causadas por virus y bacterias<\/p>\n","protected":false},"featured_media":7073,"comment_status":"open","ping_status":"closed","template":"","meta":{"om_disable_all_campaigns":false,"_monsterinsights_skip_tracking":false,"_monsterinsights_sitenote_active":false,"_monsterinsights_sitenote_note":"","_monsterinsights_sitenote_category":0},"etheme_brands":[],"product_cat":[82,87],"product_tag":[95,94,96,97],"class_list":{"0":"post-7247","1":"product","2":"type-product","3":"status-publish","4":"has-post-thumbnail","6":"product_cat-limpieza","7":"product_cat-quimicos-de-marca","8":"product_tag-cloralex","9":"product_tag-cloro","10":"product_tag-galon","11":"product_tag-garrafa","13":"first","14":"instock","15":"taxable","16":"shipping-taxable","17":"product-type-simple"},"aioseo_notices":[],"_links":{"self":[{"href":"https:\/\/omniab.com.mx\/index.php\/wp-json\/wp\/v2\/product\/7247","targetHints":{"allow":["GET"]}}],"collection":[{"href":"https:\/\/omniab.com.mx\/index.php\/wp-json\/wp\/v2\/product"}],"about":[{"href":"https:\/\/omniab.com.mx\/index.php\/wp-json\/wp\/v2\/types\/product"}],"replies":[{"embeddable":true,"href":"https:\/\/omniab.com.mx\/index.php\/wp-json\/wp\/v2\/comments?post=7247"}],"version-history":[{"count":0,"href":"https:\/\/omniab.com.mx\/index.php\/wp-json\/wp\/v2\/product\/7247\/revisions"}],"wp:featuredmedia":[{"embeddable":true,"href":"https:\/\/omniab.com.mx\/index.php\/wp-json\/wp\/v2\/media\/7073"}],"wp:attachment":[{"href":"https:\/\/omniab.com.mx\/index.php\/wp-json\/wp\/v2\/media?parent=7247"}],"wp:term":[{"taxonomy":"brand","embeddable":true,"href":"https:\/\/omniab.com.mx\/index.php\/wp-json\/wp\/v2\/etheme_brands?post=7247"},{"taxonomy":"product_cat","embeddable":true,"href":"https:\/\/omniab.com.mx\/index.php\/wp-json\/wp\/v2\/product_cat?post=7247"},{"taxonomy":"product_tag","embeddable":true,"href":"https:\/\/omniab.com.mx\/index.php\/wp-json\/wp\/v2\/product_tag?post=7247"}],"curies":[{"name":"wp","href":"https:\/\/api.w.org\/{rel}","templated":true}]}}